{"id":915,"date":"2023-02-27T17:45:27","date_gmt":"2023-02-27T10:45:27","guid":{"rendered":"https:\/\/chp.com.vn\/?post_type=product&#038;p=915"},"modified":"2023-04-06T09:46:04","modified_gmt":"2023-04-06T02:46:04","slug":"fcu-2-chieu-nong-lanh","status":"publish","type":"product","link":"https:\/\/chp.com.vn\/en\/product\/fcu-2-chieu-nong-lanh\/","title":{"rendered":"FCU - Two way air"},"content":{"rendered":"<p><strong>FCU<\/strong>\u00a0l\u00e0 t\u1eeb vi\u1ebft t\u1eaft c\u1ee7a<strong>\u00a0Fan coil unit,<\/strong>\u00a0n\u00f3 l\u00e0 m\u1ed9t thi\u1ebft b\u1ecb x\u1eed l\u00fd ko kh\u00ed v\u1edbi c\u00f4ng su\u1ea5t nh\u1ecf t\u1ea7m kho\u1ea3ng 2kW \u2013 20kW, c\u1ea5u t\u1ea1o c\u1ee7a FCU \u0111\u01a1n thu\u1ea7n.<\/p>\n<p><strong>C\u00f4ng d\u1ee5ng<\/strong>: cung c\u1ea5p kh\u00f4ng kh\u00ed l\u1ea1nh cho nh\u1eefng khu v\u1ef1c c\u00f3 kh\u00f4ng gian t\u01b0\u01a1ng \u0111\u1ed1i nh\u1ecf. FCU mang thi\u1ebft k\u1ebf v\u1edbi c\u1ea5u tr\u00fac nh\u1ecf g\u1ecdn nh\u01b0ng v\u1eabn v\u1eefng ch\u1eafc, \u0111\u1ed9 d\u00e0y ch\u1ec9 430mm c\u00f3 th\u1ec3 cung c\u1ea5p l\u01b0u l\u01b0\u1ee3ng gi\u00f3 cao. Nh\u1edd v\u1eady th\u00edch h\u1ee3p s\u1eed d\u1ee5ng cho c\u00f4ng tr\u00ecnh v\u0103n ph\u00f2ng, nh\u1eefng nh\u00e0 h\u00e0ng hay nh\u1eefng v\u1ecb tr\u00ed mang ko gian l\u1eafp \u0111\u1eb7t h\u1ea1n ch\u1ebf.<\/p>\n<p><strong>\u01afu \u0111i\u1ec3m:\u00a0<\/strong><\/p>\n<ul>\n<li>C\u00e1c \u0111\u01b0\u1eddng \u1ed1ng d\u00f9ng cho c\u00e1c fan coil unit th\u01b0\u1eddng \u0111\u01b0\u1ee3c l\u00e0m c\u00e1ch nhi\u1ec7t b\u1eb1ng x\u1ed1p, \u1ed1ng gi\u00f3 m\u1ec1m b\u1ea3o \u00f4n gi\u00fap n<strong>g\u0103n s\u1ef1 h\u00ecnh th\u00e0nh ng\u01b0ng t\u1ee5.<\/strong><\/li>\n<li><strong>Trao \u0111\u1ed5i nhi\u1ec7t hi\u1ec7u qu\u1ea3<\/strong>\u00a0nh\u1edd c\u00e1c \u1ed1ng \u0111\u1ed3ng ch\u1ea5t l\u01b0\u1ee3ng cao, c\u00e1nh t\u1ea3n nhi\u1ec7t l\u00e0m t\u1eeb nh\u00f4m \u0111\u1ea1t hi\u1ec7u qu\u1ea3 trao \u0111\u1ed5i nhi\u1ec7t cao. Ngo\u00e0i ra v\u00ec \u0111\u01b0\u1eddng \u1ed1ng n\u1ed1i v\u1edbi c\u00e1c \u0111\u01b0\u1eddng n\u01b0\u1edbc \u0111\u01b0\u1ee3c ph\u1ee7 b\u1ecdc b\u1eb1ng kim lo\u1ea1i n\u00ean l\u00e0m gi\u1ea3m \u0111i s\u1ef1 bi\u1ebfn d\u1ea1ng khi v\u1eadn chuy\u1ec3n v\u00e0 l\u1eafp \u0111\u1eb7t thi\u1ebft b\u1ecb Fan coil unit.<\/li>\n<li><strong>Ph\u00e1t ra ti\u1ebfng \u1ed3n r\u1ea5t nh\u1ecf<\/strong>, b\u1edfi thi\u1ebft b\u1ecb \u0111\u00e3 \u0111\u01b0\u1ee3c trang b\u1ecb ki\u1ec3m tra c\u00e2n b\u1eb1ng t\u0129nh v\u00e0 \u0111\u1ed9ng c\u1ee7a c\u00e1c ph\u1ea7n motor qu\u1ea1t c\u00f9ng c\u00e1ch nhi\u1ec7t v\u00e0 c\u00e1ch \u00e2m ch\u1ea5t l\u01b0\u1ee3ng cao.<\/li>\n<li><strong>D\u1ec5 d\u00e0ng th\u00e1o l\u1eafp<\/strong>\u00a0khi l\u00e0m s\u1ea1ch cho b\u1ed9 trao \u0111\u1ed5i nhi\u1ec7t.<\/li>\n<li>B\u1ed9 l\u1ecdc trong thi\u1ebft b\u1ecb ph\u00f2ng s\u1ea1ch FCU hi\u1ec7u qu\u1ea3 t\u1ed1t h\u01a1n so v\u1edbi c\u00e1c b\u1ed9 l\u1ecdc b\u00ecnh th\u01b0\u1eddng n\u00ean\u00a0<strong>k\u00e9o d\u00e0i \u0111\u01b0\u1ee3c tu\u1ed5i th\u1ecd<\/strong>\u00a0c\u1ee7a s\u1ea3n ph\u1ea9m.<\/li>\n<\/ul>\n<p>&nbsp;<\/p>\n<p>&nbsp;<\/p>\n<p>&nbsp;<\/p>\n<p>&nbsp;<\/p>\n<p>&nbsp;<\/p>","protected":false},"excerpt":{"rendered":"<p>&nbsp;<\/p>\n<p>&nbsp;<\/p>\n<p>&nbsp;<\/p>\n<p>&nbsp;<\/p>\n<p>&nbsp;<\/p>\n<p>&nbsp;<\/p>","protected":false},"featured_media":1003,"comment_status":"open","ping_status":"closed","template":"","meta":[],"product_brand":[],"product_cat":[17,33,52],"product_tag":[29,28,23,22],"class_list":{"0":"post-915","1":"product","2":"type-product","3":"status-publish","4":"has-post-thumbnail","6":"product_cat-uncategorized","7":"product_cat-fcu","8":"product_cat-fcu-nuoc","9":"product_tag-2-chieu","10":"product_tag-dan-trao-doi-nhiet","11":"product_tag-fcu","12":"product_tag-fcu-2-chieu","14":"first","15":"instock","16":"featured","17":"shipping-taxable","18":"product-type-simple"},"acf":[],"yoast_head":"<!-- This site is optimized with the Yoast SEO plugin v26.6 - https:\/\/yoast.com\/wordpress\/plugins\/seo\/ -->\n<title>FCU - 2 Chi\u1ec1u N\u00f3ng L\u1ea1nh - chp<\/title>\n<meta name=\"robots\" content=\"index, follow, max-snippet:-1, max-image-preview:large, max-video-preview:-1\" \/>\n<link rel=\"canonical\" href=\"https:\/\/chp.com.vn\/en\/product\/fcu-2-chieu-nong-lanh\/\" \/>\n<meta property=\"og:locale\" content=\"en_US\" \/>\n<meta property=\"og:type\" content=\"article\" \/>\n<meta property=\"og:title\" content=\"FCU - 2 Chi\u1ec1u N\u00f3ng L\u1ea1nh - chp\" \/>\n<meta property=\"og:description\" content=\"&nbsp;  &nbsp;  &nbsp;  &nbsp;  &nbsp;  &nbsp;\" \/>\n<meta property=\"og:url\" content=\"https:\/\/chp.com.vn\/en\/product\/fcu-2-chieu-nong-lanh\/\" \/>\n<meta property=\"og:site_name\" content=\"chp\" \/>\n<meta property=\"article:modified_time\" content=\"2023-04-06T02:46:04+00:00\" \/>\n<meta property=\"og:image\" content=\"https:\/\/chp.com.vn\/wp-content\/uploads\/2023\/02\/Picture26.png\" \/>\n\t<meta property=\"og:image:width\" content=\"1504\" \/>\n\t<meta property=\"og:image:height\" content=\"1130\" \/>\n\t<meta property=\"og:image:type\" content=\"image\/png\" \/>\n<meta name=\"twitter:card\" content=\"summary_large_image\" \/>\n<meta name=\"twitter:label1\" content=\"Est. reading time\" \/>\n\t<meta name=\"twitter:data1\" content=\"2 minutes\" \/>\n<script type=\"application\/ld+json\" class=\"yoast-schema-graph\">{\"@context\":\"https:\/\/schema.org\",\"@graph\":[{\"@type\":\"WebPage\",\"@id\":\"https:\/\/chp.com.vn\/product\/fcu-2-chieu-nong-lanh\/\",\"url\":\"https:\/\/chp.com.vn\/product\/fcu-2-chieu-nong-lanh\/\",\"name\":\"FCU - 2 Chi\u1ec1u N\u00f3ng L\u1ea1nh - chp\",\"isPartOf\":{\"@id\":\"https:\/\/chp.com.vn\/#website\"},\"primaryImageOfPage\":{\"@id\":\"https:\/\/chp.com.vn\/product\/fcu-2-chieu-nong-lanh\/#primaryimage\"},\"image\":{\"@id\":\"https:\/\/chp.com.vn\/product\/fcu-2-chieu-nong-lanh\/#primaryimage\"},\"thumbnailUrl\":\"https:\/\/chp.com.vn\/wp-content\/uploads\/2023\/02\/Picture26.png\",\"datePublished\":\"2023-02-27T10:45:27+00:00\",\"dateModified\":\"2023-04-06T02:46:04+00:00\",\"breadcrumb\":{\"@id\":\"https:\/\/chp.com.vn\/product\/fcu-2-chieu-nong-lanh\/#breadcrumb\"},\"inLanguage\":\"en-US\",\"potentialAction\":[{\"@type\":\"ReadAction\",\"target\":[\"https:\/\/chp.com.vn\/product\/fcu-2-chieu-nong-lanh\/\"]}]},{\"@type\":\"ImageObject\",\"inLanguage\":\"en-US\",\"@id\":\"https:\/\/chp.com.vn\/product\/fcu-2-chieu-nong-lanh\/#primaryimage\",\"url\":\"https:\/\/chp.com.vn\/wp-content\/uploads\/2023\/02\/Picture26.png\",\"contentUrl\":\"https:\/\/chp.com.vn\/wp-content\/uploads\/2023\/02\/Picture26.png\",\"width\":1504,\"height\":1130},{\"@type\":\"BreadcrumbList\",\"@id\":\"https:\/\/chp.com.vn\/product\/fcu-2-chieu-nong-lanh\/#breadcrumb\",\"itemListElement\":[{\"@type\":\"ListItem\",\"position\":1,\"name\":\"Home\",\"item\":\"https:\/\/chp.com.vn\/\"},{\"@type\":\"ListItem\",\"position\":2,\"name\":\"Shop\",\"item\":\"https:\/\/chp.com.vn\/shop\/\"},{\"@type\":\"ListItem\",\"position\":3,\"name\":\"FCU &#8211; 2 Chi\u1ec1u N\u00f3ng L\u1ea1nh\"}]},{\"@type\":\"WebSite\",\"@id\":\"https:\/\/chp.com.vn\/#website\",\"url\":\"https:\/\/chp.com.vn\/\",\"name\":\"chp\",\"description\":\"Just another WordPress site\",\"potentialAction\":[{\"@type\":\"SearchAction\",\"target\":{\"@type\":\"EntryPoint\",\"urlTemplate\":\"https:\/\/chp.com.vn\/?s={search_term_string}\"},\"query-input\":{\"@type\":\"PropertyValueSpecification\",\"valueRequired\":true,\"valueName\":\"search_term_string\"}}],\"inLanguage\":\"en-US\"}]}<\/script>\n<!-- \/ Yoast SEO plugin. -->","yoast_head_json":{"title":"FCU - 2 Chi\u1ec1u N\u00f3ng L\u1ea1nh - chp","robots":{"index":"index","follow":"follow","max-snippet":"max-snippet:-1","max-image-preview":"max-image-preview:large","max-video-preview":"max-video-preview:-1"},"canonical":"https:\/\/chp.com.vn\/en\/product\/fcu-2-chieu-nong-lanh\/","og_locale":"en_US","og_type":"article","og_title":"FCU - 2 Chi\u1ec1u N\u00f3ng L\u1ea1nh - chp","og_description":"&nbsp;  &nbsp;  &nbsp;  &nbsp;  &nbsp;  &nbsp;","og_url":"https:\/\/chp.com.vn\/en\/product\/fcu-2-chieu-nong-lanh\/","og_site_name":"chp","article_modified_time":"2023-04-06T02:46:04+00:00","og_image":[{"width":1504,"height":1130,"url":"https:\/\/chp.com.vn\/wp-content\/uploads\/2023\/02\/Picture26.png","type":"image\/png"}],"twitter_card":"summary_large_image","twitter_misc":{"Est. reading time":"2 minutes"},"schema":{"@context":"https:\/\/schema.org","@graph":[{"@type":"WebPage","@id":"https:\/\/chp.com.vn\/product\/fcu-2-chieu-nong-lanh\/","url":"https:\/\/chp.com.vn\/product\/fcu-2-chieu-nong-lanh\/","name":"FCU - 2 Chi\u1ec1u N\u00f3ng L\u1ea1nh - chp","isPartOf":{"@id":"https:\/\/chp.com.vn\/#website"},"primaryImageOfPage":{"@id":"https:\/\/chp.com.vn\/product\/fcu-2-chieu-nong-lanh\/#primaryimage"},"image":{"@id":"https:\/\/chp.com.vn\/product\/fcu-2-chieu-nong-lanh\/#primaryimage"},"thumbnailUrl":"https:\/\/chp.com.vn\/wp-content\/uploads\/2023\/02\/Picture26.png","datePublished":"2023-02-27T10:45:27+00:00","dateModified":"2023-04-06T02:46:04+00:00","breadcrumb":{"@id":"https:\/\/chp.com.vn\/product\/fcu-2-chieu-nong-lanh\/#breadcrumb"},"inLanguage":"en-US","potentialAction":[{"@type":"ReadAction","target":["https:\/\/chp.com.vn\/product\/fcu-2-chieu-nong-lanh\/"]}]},{"@type":"ImageObject","inLanguage":"en-US","@id":"https:\/\/chp.com.vn\/product\/fcu-2-chieu-nong-lanh\/#primaryimage","url":"https:\/\/chp.com.vn\/wp-content\/uploads\/2023\/02\/Picture26.png","contentUrl":"https:\/\/chp.com.vn\/wp-content\/uploads\/2023\/02\/Picture26.png","width":1504,"height":1130},{"@type":"BreadcrumbList","@id":"https:\/\/chp.com.vn\/product\/fcu-2-chieu-nong-lanh\/#breadcrumb","itemListElement":[{"@type":"ListItem","position":1,"name":"Home","item":"https:\/\/chp.com.vn\/"},{"@type":"ListItem","position":2,"name":"Shop","item":"https:\/\/chp.com.vn\/shop\/"},{"@type":"ListItem","position":3,"name":"FCU &#8211; 2 Chi\u1ec1u N\u00f3ng L\u1ea1nh"}]},{"@type":"WebSite","@id":"https:\/\/chp.com.vn\/#website","url":"https:\/\/chp.com.vn\/","name":"chp","description":"Just another WordPress site","potentialAction":[{"@type":"SearchAction","target":{"@type":"EntryPoint","urlTemplate":"https:\/\/chp.com.vn\/?s={search_term_string}"},"query-input":{"@type":"PropertyValueSpecification","valueRequired":true,"valueName":"search_term_string"}}],"inLanguage":"en-US"}]}},"_links":{"self":[{"href":"https:\/\/chp.com.vn\/en\/wp-json\/wp\/v2\/product\/915","targetHints":{"allow":["GET"]}}],"collection":[{"href":"https:\/\/chp.com.vn\/en\/wp-json\/wp\/v2\/product"}],"about":[{"href":"https:\/\/chp.com.vn\/en\/wp-json\/wp\/v2\/types\/product"}],"replies":[{"embeddable":true,"href":"https:\/\/chp.com.vn\/en\/wp-json\/wp\/v2\/comments?post=915"}],"wp:featuredmedia":[{"embeddable":true,"href":"https:\/\/chp.com.vn\/en\/wp-json\/wp\/v2\/media\/1003"}],"wp:attachment":[{"href":"https:\/\/chp.com.vn\/en\/wp-json\/wp\/v2\/media?parent=915"}],"wp:term":[{"taxonomy":"product_brand","embeddable":true,"href":"https:\/\/chp.com.vn\/en\/wp-json\/wp\/v2\/product_brand?post=915"},{"taxonomy":"product_cat","embeddable":true,"href":"https:\/\/chp.com.vn\/en\/wp-json\/wp\/v2\/product_cat?post=915"},{"taxonomy":"product_tag","embeddable":true,"href":"https:\/\/chp.com.vn\/en\/wp-json\/wp\/v2\/product_tag?post=915"}],"curies":[{"name":"wp","href":"https:\/\/api.w.org\/{rel}","templated":true}]}}