{"id":1180,"date":"2023-04-05T15:36:37","date_gmt":"2023-04-05T08:36:37","guid":{"rendered":"https:\/\/chp.com.vn\/?post_type=product&#038;p=1180"},"modified":"2025-12-17T10:37:48","modified_gmt":"2025-12-17T03:37:48","slug":"fcu-kdf-nac-1-chieu-lanh-chp","status":"publish","type":"product","link":"https:\/\/chp.com.vn\/en\/product\/fcu-kdf-nac-1-chieu-lanh-chp\/","title":{"rendered":"FCU \u2013 KDF NAC \u2013 One way air"},"content":{"rendered":"<p><strong>Model: KDF NAC<\/strong><\/p>\n<p><strong>Type: FCU with Gas Refrigerant<\/strong>\u00a0&#8211; <strong>Standard type<\/strong><\/p>\n<p><strong>Capacity:<\/strong> Contact for more details.<\/p>\n<p><strong>1 Phase &#8211; 220V &#8211; 50Hz<\/strong><\/p>\n<hr \/>\n<p>Besides the name of standard FCU, <strong>FCU Gas<\/strong> - Gas Fan Coil Unit is also known as <strong>Ceiling Concealed Duct Type.<\/strong><\/p>\n<p>With complete line-up models, airflow rates from 300 CFM to 2400 CFM are suitable for all kind of spaces to create cool, calm and comfortable environment.<\/p>\n<p>Suitable for rooms and spaces with decorative requirements for hiding the condenser inside to provide more complete and aesthetically environment.<\/p>\n<p>High\/low static pressure compatible motor can be modified to be used for free-flow or duct condition.<\/p>","protected":false},"excerpt":{"rendered":"<p>Model: KDF NAC Lo\u1ea1i: FCU Gas\u00a0&#8211; Lo\u1ea1i ti\u00eau chu\u1ea9n C\u00f4ng su\u1ea5t: li\u00ean h\u1ec7 \u0111\u1ec3 bi\u1ebft th\u00eam chi ti\u1ebft 1 Phase &#8211; 220V &#8211; 50Hz Ngo\u00e0i t\u00ean g\u1ecdi FCU lo\u1ea1i ti\u00eau chu\u1ea9n, FCU Gas &#8211; Fan Coil Unit Gas\u00a0n\u00e0y c\u00f2n \u0111\u01b0\u1ee3c bi\u1ebft \u0111\u1ebfn l\u00e0 lo\u1ea1i \u00e2m tr\u1ea7n n\u1ed1i \u1ed1ng gi\u00f3. V\u1edbi c\u00e1c ki\u1ec3u m\u00e1y ho\u00e0n ch\u1ec9nh, [&hellip;]<\/p>","protected":false},"featured_media":1181,"comment_status":"open","ping_status":"closed","template":"","meta":[],"product_brand":[],"product_cat":[33,53],"product_tag":[72,23,58,71],"class_list":{"0":"post-1180","1":"product","2":"type-product","3":"status-publish","4":"has-post-thumbnail","6":"product_cat-fcu","7":"product_cat-fcu-gas","8":"product_tag-chp","9":"product_tag-fcu","10":"product_tag-fcu-1-chieu","11":"product_tag-fcu-kdf-nac","13":"first","14":"instock","15":"shipping-taxable","16":"product-type-simple"},"acf":[],"yoast_head":"<!-- This site is optimized with the Yoast SEO plugin v26.6 - https:\/\/yoast.com\/wordpress\/plugins\/seo\/ -->\n<title>FCU - KDF NAC - 1 Chi\u1ec1u L\u1ea1nh - chp<\/title>\n<meta name=\"description\" content=\"FCU Gas \u0111\u01b0\u1ee3c bi\u1ebft \u0111\u1ebfn l\u00e0 lo\u1ea1i \u00e2m tr\u1ea7n n\u1ed1i \u1ed1ng gi\u00f3. V\u1edbi l\u01b0u l\u01b0\u1ee3ng gi\u00f3 ph\u00f9 h\u1ee3p v\u1edbi m\u1ecdi lo\u1ea1i kh\u00f4ng gian \u0111\u1ec3 t\u1ea1o m\u00f4i tr\u01b0\u1eddng s\u1ed1ng m\u00e1t m\u1ebb\" \/>\n<meta name=\"robots\" content=\"index, follow, max-snippet:-1, max-image-preview:large, max-video-preview:-1\" \/>\n<link rel=\"canonical\" href=\"https:\/\/chp.com.vn\/en\/product\/fcu-kdf-nac-1-chieu-lanh-chp\/\" \/>\n<meta property=\"og:locale\" content=\"en_US\" \/>\n<meta property=\"og:type\" content=\"article\" \/>\n<meta property=\"og:title\" content=\"FCU - KDF NAC - 1 Chi\u1ec1u L\u1ea1nh - chp\" \/>\n<meta property=\"og:description\" content=\"FCU Gas \u0111\u01b0\u1ee3c bi\u1ebft \u0111\u1ebfn l\u00e0 lo\u1ea1i \u00e2m tr\u1ea7n n\u1ed1i \u1ed1ng gi\u00f3. V\u1edbi l\u01b0u l\u01b0\u1ee3ng gi\u00f3 ph\u00f9 h\u1ee3p v\u1edbi m\u1ecdi lo\u1ea1i kh\u00f4ng gian \u0111\u1ec3 t\u1ea1o m\u00f4i tr\u01b0\u1eddng s\u1ed1ng m\u00e1t m\u1ebb\" \/>\n<meta property=\"og:url\" content=\"https:\/\/chp.com.vn\/en\/product\/fcu-kdf-nac-1-chieu-lanh-chp\/\" \/>\n<meta property=\"og:site_name\" content=\"chp\" \/>\n<meta property=\"article:modified_time\" content=\"2025-12-17T03:37:48+00:00\" \/>\n<meta property=\"og:image\" content=\"https:\/\/chp.com.vn\/wp-content\/uploads\/2023\/04\/Picture-33.png\" \/>\n\t<meta property=\"og:image:width\" content=\"1510\" \/>\n\t<meta property=\"og:image:height\" content=\"1133\" \/>\n\t<meta property=\"og:image:type\" content=\"image\/png\" \/>\n<meta name=\"twitter:card\" content=\"summary_large_image\" \/>\n<meta name=\"twitter:label1\" content=\"Est. reading time\" \/>\n\t<meta name=\"twitter:data1\" content=\"1 minute\" \/>\n<script type=\"application\/ld+json\" class=\"yoast-schema-graph\">{\"@context\":\"https:\/\/schema.org\",\"@graph\":[{\"@type\":\"WebPage\",\"@id\":\"https:\/\/chp.com.vn\/product\/fcu-kdf-nac-1-chieu-lanh-chp\/\",\"url\":\"https:\/\/chp.com.vn\/product\/fcu-kdf-nac-1-chieu-lanh-chp\/\",\"name\":\"FCU - KDF NAC - 1 Chi\u1ec1u L\u1ea1nh - chp\",\"isPartOf\":{\"@id\":\"https:\/\/chp.com.vn\/#website\"},\"primaryImageOfPage\":{\"@id\":\"https:\/\/chp.com.vn\/product\/fcu-kdf-nac-1-chieu-lanh-chp\/#primaryimage\"},\"image\":{\"@id\":\"https:\/\/chp.com.vn\/product\/fcu-kdf-nac-1-chieu-lanh-chp\/#primaryimage\"},\"thumbnailUrl\":\"https:\/\/chp.com.vn\/wp-content\/uploads\/2023\/04\/Picture-33.png\",\"datePublished\":\"2023-04-05T08:36:37+00:00\",\"dateModified\":\"2025-12-17T03:37:48+00:00\",\"description\":\"FCU Gas \u0111\u01b0\u1ee3c bi\u1ebft \u0111\u1ebfn l\u00e0 lo\u1ea1i \u00e2m tr\u1ea7n n\u1ed1i \u1ed1ng gi\u00f3. V\u1edbi l\u01b0u l\u01b0\u1ee3ng gi\u00f3 ph\u00f9 h\u1ee3p v\u1edbi m\u1ecdi lo\u1ea1i kh\u00f4ng gian \u0111\u1ec3 t\u1ea1o m\u00f4i tr\u01b0\u1eddng s\u1ed1ng m\u00e1t m\u1ebb\",\"breadcrumb\":{\"@id\":\"https:\/\/chp.com.vn\/product\/fcu-kdf-nac-1-chieu-lanh-chp\/#breadcrumb\"},\"inLanguage\":\"en-US\",\"potentialAction\":[{\"@type\":\"ReadAction\",\"target\":[\"https:\/\/chp.com.vn\/product\/fcu-kdf-nac-1-chieu-lanh-chp\/\"]}]},{\"@type\":\"ImageObject\",\"inLanguage\":\"en-US\",\"@id\":\"https:\/\/chp.com.vn\/product\/fcu-kdf-nac-1-chieu-lanh-chp\/#primaryimage\",\"url\":\"https:\/\/chp.com.vn\/wp-content\/uploads\/2023\/04\/Picture-33.png\",\"contentUrl\":\"https:\/\/chp.com.vn\/wp-content\/uploads\/2023\/04\/Picture-33.png\",\"width\":1510,\"height\":1133},{\"@type\":\"BreadcrumbList\",\"@id\":\"https:\/\/chp.com.vn\/product\/fcu-kdf-nac-1-chieu-lanh-chp\/#breadcrumb\",\"itemListElement\":[{\"@type\":\"ListItem\",\"position\":1,\"name\":\"Home\",\"item\":\"https:\/\/chp.com.vn\/\"},{\"@type\":\"ListItem\",\"position\":2,\"name\":\"Shop\",\"item\":\"https:\/\/chp.com.vn\/shop\/\"},{\"@type\":\"ListItem\",\"position\":3,\"name\":\"FCU &#8211; KDF NAC &#8211; 1 Chi\u1ec1u L\u1ea1nh\"}]},{\"@type\":\"WebSite\",\"@id\":\"https:\/\/chp.com.vn\/#website\",\"url\":\"https:\/\/chp.com.vn\/\",\"name\":\"chp\",\"description\":\"Just another WordPress site\",\"potentialAction\":[{\"@type\":\"SearchAction\",\"target\":{\"@type\":\"EntryPoint\",\"urlTemplate\":\"https:\/\/chp.com.vn\/?s={search_term_string}\"},\"query-input\":{\"@type\":\"PropertyValueSpecification\",\"valueRequired\":true,\"valueName\":\"search_term_string\"}}],\"inLanguage\":\"en-US\"}]}<\/script>\n<!-- \/ Yoast SEO plugin. -->","yoast_head_json":{"title":"FCU - KDF NAC - 1 Chi\u1ec1u L\u1ea1nh - chp","description":"FCU Gas \u0111\u01b0\u1ee3c bi\u1ebft \u0111\u1ebfn l\u00e0 lo\u1ea1i \u00e2m tr\u1ea7n n\u1ed1i \u1ed1ng gi\u00f3. V\u1edbi l\u01b0u l\u01b0\u1ee3ng gi\u00f3 ph\u00f9 h\u1ee3p v\u1edbi m\u1ecdi lo\u1ea1i kh\u00f4ng gian \u0111\u1ec3 t\u1ea1o m\u00f4i tr\u01b0\u1eddng s\u1ed1ng m\u00e1t m\u1ebb","robots":{"index":"index","follow":"follow","max-snippet":"max-snippet:-1","max-image-preview":"max-image-preview:large","max-video-preview":"max-video-preview:-1"},"canonical":"https:\/\/chp.com.vn\/en\/product\/fcu-kdf-nac-1-chieu-lanh-chp\/","og_locale":"en_US","og_type":"article","og_title":"FCU - KDF NAC - 1 Chi\u1ec1u L\u1ea1nh - chp","og_description":"FCU Gas \u0111\u01b0\u1ee3c bi\u1ebft \u0111\u1ebfn l\u00e0 lo\u1ea1i \u00e2m tr\u1ea7n n\u1ed1i \u1ed1ng gi\u00f3. V\u1edbi l\u01b0u l\u01b0\u1ee3ng gi\u00f3 ph\u00f9 h\u1ee3p v\u1edbi m\u1ecdi lo\u1ea1i kh\u00f4ng gian \u0111\u1ec3 t\u1ea1o m\u00f4i tr\u01b0\u1eddng s\u1ed1ng m\u00e1t m\u1ebb","og_url":"https:\/\/chp.com.vn\/en\/product\/fcu-kdf-nac-1-chieu-lanh-chp\/","og_site_name":"chp","article_modified_time":"2025-12-17T03:37:48+00:00","og_image":[{"width":1510,"height":1133,"url":"https:\/\/chp.com.vn\/wp-content\/uploads\/2023\/04\/Picture-33.png","type":"image\/png"}],"twitter_card":"summary_large_image","twitter_misc":{"Est. reading time":"1 minute"},"schema":{"@context":"https:\/\/schema.org","@graph":[{"@type":"WebPage","@id":"https:\/\/chp.com.vn\/product\/fcu-kdf-nac-1-chieu-lanh-chp\/","url":"https:\/\/chp.com.vn\/product\/fcu-kdf-nac-1-chieu-lanh-chp\/","name":"FCU - KDF NAC - 1 Chi\u1ec1u L\u1ea1nh - chp","isPartOf":{"@id":"https:\/\/chp.com.vn\/#website"},"primaryImageOfPage":{"@id":"https:\/\/chp.com.vn\/product\/fcu-kdf-nac-1-chieu-lanh-chp\/#primaryimage"},"image":{"@id":"https:\/\/chp.com.vn\/product\/fcu-kdf-nac-1-chieu-lanh-chp\/#primaryimage"},"thumbnailUrl":"https:\/\/chp.com.vn\/wp-content\/uploads\/2023\/04\/Picture-33.png","datePublished":"2023-04-05T08:36:37+00:00","dateModified":"2025-12-17T03:37:48+00:00","description":"FCU Gas \u0111\u01b0\u1ee3c bi\u1ebft \u0111\u1ebfn l\u00e0 lo\u1ea1i \u00e2m tr\u1ea7n n\u1ed1i \u1ed1ng gi\u00f3. V\u1edbi l\u01b0u l\u01b0\u1ee3ng gi\u00f3 ph\u00f9 h\u1ee3p v\u1edbi m\u1ecdi lo\u1ea1i kh\u00f4ng gian \u0111\u1ec3 t\u1ea1o m\u00f4i tr\u01b0\u1eddng s\u1ed1ng m\u00e1t m\u1ebb","breadcrumb":{"@id":"https:\/\/chp.com.vn\/product\/fcu-kdf-nac-1-chieu-lanh-chp\/#breadcrumb"},"inLanguage":"en-US","potentialAction":[{"@type":"ReadAction","target":["https:\/\/chp.com.vn\/product\/fcu-kdf-nac-1-chieu-lanh-chp\/"]}]},{"@type":"ImageObject","inLanguage":"en-US","@id":"https:\/\/chp.com.vn\/product\/fcu-kdf-nac-1-chieu-lanh-chp\/#primaryimage","url":"https:\/\/chp.com.vn\/wp-content\/uploads\/2023\/04\/Picture-33.png","contentUrl":"https:\/\/chp.com.vn\/wp-content\/uploads\/2023\/04\/Picture-33.png","width":1510,"height":1133},{"@type":"BreadcrumbList","@id":"https:\/\/chp.com.vn\/product\/fcu-kdf-nac-1-chieu-lanh-chp\/#breadcrumb","itemListElement":[{"@type":"ListItem","position":1,"name":"Home","item":"https:\/\/chp.com.vn\/"},{"@type":"ListItem","position":2,"name":"Shop","item":"https:\/\/chp.com.vn\/shop\/"},{"@type":"ListItem","position":3,"name":"FCU &#8211; KDF NAC &#8211; 1 Chi\u1ec1u L\u1ea1nh"}]},{"@type":"WebSite","@id":"https:\/\/chp.com.vn\/#website","url":"https:\/\/chp.com.vn\/","name":"chp","description":"Just another WordPress site","potentialAction":[{"@type":"SearchAction","target":{"@type":"EntryPoint","urlTemplate":"https:\/\/chp.com.vn\/?s={search_term_string}"},"query-input":{"@type":"PropertyValueSpecification","valueRequired":true,"valueName":"search_term_string"}}],"inLanguage":"en-US"}]}},"_links":{"self":[{"href":"https:\/\/chp.com.vn\/en\/wp-json\/wp\/v2\/product\/1180","targetHints":{"allow":["GET"]}}],"collection":[{"href":"https:\/\/chp.com.vn\/en\/wp-json\/wp\/v2\/product"}],"about":[{"href":"https:\/\/chp.com.vn\/en\/wp-json\/wp\/v2\/types\/product"}],"replies":[{"embeddable":true,"href":"https:\/\/chp.com.vn\/en\/wp-json\/wp\/v2\/comments?post=1180"}],"wp:featuredmedia":[{"embeddable":true,"href":"https:\/\/chp.com.vn\/en\/wp-json\/wp\/v2\/media\/1181"}],"wp:attachment":[{"href":"https:\/\/chp.com.vn\/en\/wp-json\/wp\/v2\/media?parent=1180"}],"wp:term":[{"taxonomy":"product_brand","embeddable":true,"href":"https:\/\/chp.com.vn\/en\/wp-json\/wp\/v2\/product_brand?post=1180"},{"taxonomy":"product_cat","embeddable":true,"href":"https:\/\/chp.com.vn\/en\/wp-json\/wp\/v2\/product_cat?post=1180"},{"taxonomy":"product_tag","embeddable":true,"href":"https:\/\/chp.com.vn\/en\/wp-json\/wp\/v2\/product_tag?post=1180"}],"curies":[{"name":"wp","href":"https:\/\/api.w.org\/{rel}","templated":true}]}}