{"id":118,"date":"2023-04-03T16:30:08","date_gmt":"2023-04-03T09:30:08","guid":{"rendered":"https:\/\/chp.com.vn\/?post_type=product&#038;p=118"},"modified":"2024-04-22T10:57:02","modified_gmt":"2024-04-22T03:57:02","slug":"san-pham-09","status":"publish","type":"product","link":"https:\/\/chp.com.vn\/en\/product\/san-pham-09\/","title":{"rendered":"FCU \u2013 KF NAC \u2013 One way air"},"content":{"rendered":"<p><strong>Model: KF NAC<\/strong><\/p>\n<p><strong>Type: FCU Water<\/strong> &#8211; <strong>Standard type<\/strong><\/p>\n<p><strong>Capacity:<\/strong> Contact for more details.<\/p>\n<p><strong>1 Phase &#8211; 220V &#8211; 50Hz<\/strong><\/p>\n<hr \/>\n<p>Besides the name of standard FCU, <strong>FCU Water<\/strong> - Fan Coil Unit Water is also known as <strong>Ceiling Concealed Duct Type.<\/strong><\/p>\n<p>With complete line-up models, airflow rates from 300 CFM to 2400 CFM are suitable for all kind of spaces to create cool, calm and comfortable environment.<\/p>\n<p style=\"padding-left: 40px;\">Suitable for rooms and spaces with decorative requirements for hiding the condenser inside to provide more complete and aesthetically environment.<\/p>\n<p style=\"padding-left: 40px;\">High\/low static pressure compatible motor can be modified to be used for free-flow or duct condition.<\/p>","protected":false},"excerpt":{"rendered":"<p>Ngo\u00e0i t\u00ean g\u1ecdi FCU lo\u1ea1i ti\u00eau chu\u1ea9n, FCU n\u00e0y c\u00f2n \u0111\u01b0\u1ee3c bi\u1ebft \u0111\u1ebfn l\u00e0 lo\u1ea1i \u00e2m tr\u1ea7n n\u1ed1i \u1ed1ng gi\u00f3 (Ceiling Concealed Duct Type)<\/p>\n<p>With complete line-up models, airflow rates from 300 CFM to 2400 CFM are suitable for all kind of spaces to create cool, calm and comfortable environment.<\/p>\n<ul>\n<li>Suitable for rooms and spaces with decorative requirements for hiding the condenser inside to provide more complete and aesthetically environment.<\/li>\n<li>High\/low static pressure compatible motor can be modified to be used for free-flow or duct condition.<\/li>\n<\/ul>","protected":false},"featured_media":1181,"comment_status":"open","ping_status":"closed","template":"","meta":[],"product_brand":[],"product_cat":[33,52],"product_tag":[58,57,55,56],"class_list":{"0":"post-118","1":"product","2":"type-product","3":"status-publish","4":"has-post-thumbnail","6":"product_cat-fcu","7":"product_cat-fcu-nuoc","8":"product_tag-fcu-1-chieu","9":"product_tag-fcu-kf-nac","10":"product_tag-kf-nac","11":"product_tag-kf_nac","13":"first","14":"instock","15":"shipping-taxable","16":"product-type-simple"},"acf":[],"yoast_head":"<!-- This site is optimized with the Yoast SEO plugin v26.6 - https:\/\/yoast.com\/wordpress\/plugins\/seo\/ -->\n<title>FCU - KF NAC - 1 Chi\u1ec1u L\u1ea1nh - chp<\/title>\n<meta name=\"robots\" content=\"index, follow, max-snippet:-1, max-image-preview:large, max-video-preview:-1\" \/>\n<link rel=\"canonical\" href=\"https:\/\/chp.com.vn\/en\/product\/san-pham-09\/\" \/>\n<meta property=\"og:locale\" content=\"en_US\" \/>\n<meta property=\"og:type\" content=\"article\" \/>\n<meta property=\"og:title\" content=\"FCU - KF NAC - 1 Chi\u1ec1u L\u1ea1nh - chp\" \/>\n<meta property=\"og:description\" content=\"Ngo\u00e0i t\u00ean g\u1ecdi FCU lo\u1ea1i ti\u00eau chu\u1ea9n, FCU n\u00e0y c\u00f2n \u0111\u01b0\u1ee3c bi\u1ebft \u0111\u1ebfn l\u00e0 lo\u1ea1i \u00e2m tr\u1ea7n n\u1ed1i \u1ed1ng gi\u00f3 (Ceiling Concealed Duct Type)  V\u1edbi c\u00e1c ki\u1ec3u m\u00e1y ho\u00e0n ch\u1ec9nh, l\u01b0u l\u01b0\u1ee3ng gi\u00f3 t\u1eeb 300 CFM \u0111\u1ebfn 2400 CFM ph\u00f9 h\u1ee3p v\u1edbi m\u1ecdi lo\u1ea1i kh\u00f4ng gian \u0111\u1ec3 t\u1ea1o ra m\u00f4i tr\u01b0\u1eddng s\u1ed1ng m\u00e1t m\u1ebb, y\u00ean t\u1ec9nh v\u00e0 tho\u1ea3i m\u00e1i.   Th\u00edch h\u1ee3p cho ph\u00f2ng ho\u1eb7c kh\u00f4ng gian v\u1edbi trang tr\u00ed y\u00eau c\u1ea7u mu\u1ed1n che gi\u1ea5u d\u00e0n l\u1ea1nh b\u00ean trong tr\u1ea7n nh\u00e0 \u0111\u1ec3 cung c\u1ea5p kh\u00f4ng gian ho\u00e0n ch\u1ec9nh v\u00e0 th\u1ea9m m\u0129 h\u01a1n.  \u0110\u1ed9ng c\u01a1 t\u01b0\u01a1ng th\u00edch \u00e1p su\u1ea5t t\u0129nh cao\/th\u1ea5p c\u00f3 th\u1ec3 chuy\u1ec3n \u0111\u1ed5i \u0111\u1ec3 s\u1eed d\u1ee5ng \u0111i\u1ec1u ki\u1ec7n th\u1ed5i t\u1ef1 do ho\u1eb7c \u1ed1ng d\u1eabn gi\u00f3.\" \/>\n<meta property=\"og:url\" content=\"https:\/\/chp.com.vn\/en\/product\/san-pham-09\/\" \/>\n<meta property=\"og:site_name\" content=\"chp\" \/>\n<meta property=\"article:modified_time\" content=\"2024-04-22T03:57:02+00:00\" \/>\n<meta property=\"og:image\" content=\"https:\/\/chp.com.vn\/wp-content\/uploads\/2023\/04\/Picture-33.png\" \/>\n\t<meta property=\"og:image:width\" content=\"1510\" \/>\n\t<meta property=\"og:image:height\" content=\"1133\" \/>\n\t<meta property=\"og:image:type\" content=\"image\/png\" \/>\n<meta name=\"twitter:card\" content=\"summary_large_image\" \/>\n<meta name=\"twitter:label1\" content=\"Est. reading time\" \/>\n\t<meta name=\"twitter:data1\" content=\"1 minute\" \/>\n<script type=\"application\/ld+json\" class=\"yoast-schema-graph\">{\"@context\":\"https:\/\/schema.org\",\"@graph\":[{\"@type\":\"WebPage\",\"@id\":\"https:\/\/chp.com.vn\/product\/san-pham-09\/\",\"url\":\"https:\/\/chp.com.vn\/product\/san-pham-09\/\",\"name\":\"FCU - KF NAC - 1 Chi\u1ec1u L\u1ea1nh - chp\",\"isPartOf\":{\"@id\":\"https:\/\/chp.com.vn\/#website\"},\"primaryImageOfPage\":{\"@id\":\"https:\/\/chp.com.vn\/product\/san-pham-09\/#primaryimage\"},\"image\":{\"@id\":\"https:\/\/chp.com.vn\/product\/san-pham-09\/#primaryimage\"},\"thumbnailUrl\":\"https:\/\/chp.com.vn\/wp-content\/uploads\/2023\/04\/Picture-33.png\",\"datePublished\":\"2023-04-03T09:30:08+00:00\",\"dateModified\":\"2024-04-22T03:57:02+00:00\",\"breadcrumb\":{\"@id\":\"https:\/\/chp.com.vn\/product\/san-pham-09\/#breadcrumb\"},\"inLanguage\":\"en-US\",\"potentialAction\":[{\"@type\":\"ReadAction\",\"target\":[\"https:\/\/chp.com.vn\/product\/san-pham-09\/\"]}]},{\"@type\":\"ImageObject\",\"inLanguage\":\"en-US\",\"@id\":\"https:\/\/chp.com.vn\/product\/san-pham-09\/#primaryimage\",\"url\":\"https:\/\/chp.com.vn\/wp-content\/uploads\/2023\/04\/Picture-33.png\",\"contentUrl\":\"https:\/\/chp.com.vn\/wp-content\/uploads\/2023\/04\/Picture-33.png\",\"width\":1510,\"height\":1133},{\"@type\":\"BreadcrumbList\",\"@id\":\"https:\/\/chp.com.vn\/product\/san-pham-09\/#breadcrumb\",\"itemListElement\":[{\"@type\":\"ListItem\",\"position\":1,\"name\":\"Home\",\"item\":\"https:\/\/chp.com.vn\/\"},{\"@type\":\"ListItem\",\"position\":2,\"name\":\"Shop\",\"item\":\"https:\/\/chp.com.vn\/shop\/\"},{\"@type\":\"ListItem\",\"position\":3,\"name\":\"FCU &#8211; KF NAC &#8211; 1 Chi\u1ec1u L\u1ea1nh\"}]},{\"@type\":\"WebSite\",\"@id\":\"https:\/\/chp.com.vn\/#website\",\"url\":\"https:\/\/chp.com.vn\/\",\"name\":\"chp\",\"description\":\"Just another WordPress site\",\"potentialAction\":[{\"@type\":\"SearchAction\",\"target\":{\"@type\":\"EntryPoint\",\"urlTemplate\":\"https:\/\/chp.com.vn\/?s={search_term_string}\"},\"query-input\":{\"@type\":\"PropertyValueSpecification\",\"valueRequired\":true,\"valueName\":\"search_term_string\"}}],\"inLanguage\":\"en-US\"}]}<\/script>\n<!-- \/ Yoast SEO plugin. -->","yoast_head_json":{"title":"FCU - KF NAC - 1 Chi\u1ec1u L\u1ea1nh - chp","robots":{"index":"index","follow":"follow","max-snippet":"max-snippet:-1","max-image-preview":"max-image-preview:large","max-video-preview":"max-video-preview:-1"},"canonical":"https:\/\/chp.com.vn\/en\/product\/san-pham-09\/","og_locale":"en_US","og_type":"article","og_title":"FCU - KF NAC - 1 Chi\u1ec1u L\u1ea1nh - chp","og_description":"Ngo\u00e0i t\u00ean g\u1ecdi FCU lo\u1ea1i ti\u00eau chu\u1ea9n, FCU n\u00e0y c\u00f2n \u0111\u01b0\u1ee3c bi\u1ebft \u0111\u1ebfn l\u00e0 lo\u1ea1i \u00e2m tr\u1ea7n n\u1ed1i \u1ed1ng gi\u00f3 (Ceiling Concealed Duct Type)  V\u1edbi c\u00e1c ki\u1ec3u m\u00e1y ho\u00e0n ch\u1ec9nh, l\u01b0u l\u01b0\u1ee3ng gi\u00f3 t\u1eeb 300 CFM \u0111\u1ebfn 2400 CFM ph\u00f9 h\u1ee3p v\u1edbi m\u1ecdi lo\u1ea1i kh\u00f4ng gian \u0111\u1ec3 t\u1ea1o ra m\u00f4i tr\u01b0\u1eddng s\u1ed1ng m\u00e1t m\u1ebb, y\u00ean t\u1ec9nh v\u00e0 tho\u1ea3i m\u00e1i.   Th\u00edch h\u1ee3p cho ph\u00f2ng ho\u1eb7c kh\u00f4ng gian v\u1edbi trang tr\u00ed y\u00eau c\u1ea7u mu\u1ed1n che gi\u1ea5u d\u00e0n l\u1ea1nh b\u00ean trong tr\u1ea7n nh\u00e0 \u0111\u1ec3 cung c\u1ea5p kh\u00f4ng gian ho\u00e0n ch\u1ec9nh v\u00e0 th\u1ea9m m\u0129 h\u01a1n.  \u0110\u1ed9ng c\u01a1 t\u01b0\u01a1ng th\u00edch \u00e1p su\u1ea5t t\u0129nh cao\/th\u1ea5p c\u00f3 th\u1ec3 chuy\u1ec3n \u0111\u1ed5i \u0111\u1ec3 s\u1eed d\u1ee5ng \u0111i\u1ec1u ki\u1ec7n th\u1ed5i t\u1ef1 do ho\u1eb7c \u1ed1ng d\u1eabn gi\u00f3.","og_url":"https:\/\/chp.com.vn\/en\/product\/san-pham-09\/","og_site_name":"chp","article_modified_time":"2024-04-22T03:57:02+00:00","og_image":[{"width":1510,"height":1133,"url":"https:\/\/chp.com.vn\/wp-content\/uploads\/2023\/04\/Picture-33.png","type":"image\/png"}],"twitter_card":"summary_large_image","twitter_misc":{"Est. reading time":"1 minute"},"schema":{"@context":"https:\/\/schema.org","@graph":[{"@type":"WebPage","@id":"https:\/\/chp.com.vn\/product\/san-pham-09\/","url":"https:\/\/chp.com.vn\/product\/san-pham-09\/","name":"FCU - KF NAC - 1 Chi\u1ec1u L\u1ea1nh - chp","isPartOf":{"@id":"https:\/\/chp.com.vn\/#website"},"primaryImageOfPage":{"@id":"https:\/\/chp.com.vn\/product\/san-pham-09\/#primaryimage"},"image":{"@id":"https:\/\/chp.com.vn\/product\/san-pham-09\/#primaryimage"},"thumbnailUrl":"https:\/\/chp.com.vn\/wp-content\/uploads\/2023\/04\/Picture-33.png","datePublished":"2023-04-03T09:30:08+00:00","dateModified":"2024-04-22T03:57:02+00:00","breadcrumb":{"@id":"https:\/\/chp.com.vn\/product\/san-pham-09\/#breadcrumb"},"inLanguage":"en-US","potentialAction":[{"@type":"ReadAction","target":["https:\/\/chp.com.vn\/product\/san-pham-09\/"]}]},{"@type":"ImageObject","inLanguage":"en-US","@id":"https:\/\/chp.com.vn\/product\/san-pham-09\/#primaryimage","url":"https:\/\/chp.com.vn\/wp-content\/uploads\/2023\/04\/Picture-33.png","contentUrl":"https:\/\/chp.com.vn\/wp-content\/uploads\/2023\/04\/Picture-33.png","width":1510,"height":1133},{"@type":"BreadcrumbList","@id":"https:\/\/chp.com.vn\/product\/san-pham-09\/#breadcrumb","itemListElement":[{"@type":"ListItem","position":1,"name":"Home","item":"https:\/\/chp.com.vn\/"},{"@type":"ListItem","position":2,"name":"Shop","item":"https:\/\/chp.com.vn\/shop\/"},{"@type":"ListItem","position":3,"name":"FCU &#8211; KF NAC &#8211; 1 Chi\u1ec1u L\u1ea1nh"}]},{"@type":"WebSite","@id":"https:\/\/chp.com.vn\/#website","url":"https:\/\/chp.com.vn\/","name":"chp","description":"Just another WordPress site","potentialAction":[{"@type":"SearchAction","target":{"@type":"EntryPoint","urlTemplate":"https:\/\/chp.com.vn\/?s={search_term_string}"},"query-input":{"@type":"PropertyValueSpecification","valueRequired":true,"valueName":"search_term_string"}}],"inLanguage":"en-US"}]}},"_links":{"self":[{"href":"https:\/\/chp.com.vn\/en\/wp-json\/wp\/v2\/product\/118","targetHints":{"allow":["GET"]}}],"collection":[{"href":"https:\/\/chp.com.vn\/en\/wp-json\/wp\/v2\/product"}],"about":[{"href":"https:\/\/chp.com.vn\/en\/wp-json\/wp\/v2\/types\/product"}],"replies":[{"embeddable":true,"href":"https:\/\/chp.com.vn\/en\/wp-json\/wp\/v2\/comments?post=118"}],"wp:featuredmedia":[{"embeddable":true,"href":"https:\/\/chp.com.vn\/en\/wp-json\/wp\/v2\/media\/1181"}],"wp:attachment":[{"href":"https:\/\/chp.com.vn\/en\/wp-json\/wp\/v2\/media?parent=118"}],"wp:term":[{"taxonomy":"product_brand","embeddable":true,"href":"https:\/\/chp.com.vn\/en\/wp-json\/wp\/v2\/product_brand?post=118"},{"taxonomy":"product_cat","embeddable":true,"href":"https:\/\/chp.com.vn\/en\/wp-json\/wp\/v2\/product_cat?post=118"},{"taxonomy":"product_tag","embeddable":true,"href":"https:\/\/chp.com.vn\/en\/wp-json\/wp\/v2\/product_tag?post=118"}],"curies":[{"name":"wp","href":"https:\/\/api.w.org\/{rel}","templated":true}]}}