{"id":1146,"date":"2023-03-07T15:57:26","date_gmt":"2023-03-07T08:57:26","guid":{"rendered":"https:\/\/chp.com.vn\/?post_type=product&#038;p=1146"},"modified":"2023-03-07T15:57:49","modified_gmt":"2023-03-07T08:57:49","slug":"coil-chong-an-mon-la-dong-vo-inox-304","status":"publish","type":"product","link":"https:\/\/chp.com.vn\/en\/product\/coil-chong-an-mon-la-dong-vo-inox-304\/","title":{"rendered":"Anti-corrosive Copper Coil - Inox 304 frame"},"content":{"rendered":"","protected":false},"excerpt":{"rendered":"","protected":false},"featured_media":1147,"comment_status":"open","ping_status":"closed","template":"","meta":[],"product_brand":[],"product_cat":[17,34],"product_tag":[41,40,43,42],"class_list":{"0":"post-1146","1":"product","2":"type-product","3":"status-publish","4":"has-post-thumbnail","6":"product_cat-uncategorized","7":"product_cat-ahu","8":"product_tag-coil-chong-an-mon","9":"product_tag-coil-chong-an-mon-la-dong-vo-inox-304","10":"product_tag-coil-inox-304","11":"product_tag-coil-la-dong-vo-inox-304","13":"first","14":"instock","15":"shipping-taxable","16":"product-type-simple"},"acf":[],"yoast_head":"<!-- This site is optimized with the Yoast SEO plugin v26.6 - https:\/\/yoast.com\/wordpress\/plugins\/seo\/ -->\n<title>Coil Ch\u1ed1ng \u0102n M\u00f2n L\u00e1 \u0110\u1ed3ng V\u1ecf Inox 304 - chp<\/title>\n<meta name=\"robots\" content=\"index, follow, max-snippet:-1, max-image-preview:large, max-video-preview:-1\" \/>\n<link rel=\"canonical\" href=\"https:\/\/chp.com.vn\/en\/product\/coil-chong-an-mon-la-dong-vo-inox-304\/\" \/>\n<meta property=\"og:locale\" content=\"en_US\" \/>\n<meta property=\"og:type\" content=\"article\" \/>\n<meta property=\"og:title\" content=\"Coil Ch\u1ed1ng \u0102n M\u00f2n L\u00e1 \u0110\u1ed3ng V\u1ecf Inox 304 - chp\" \/>\n<meta property=\"og:url\" content=\"https:\/\/chp.com.vn\/en\/product\/coil-chong-an-mon-la-dong-vo-inox-304\/\" \/>\n<meta property=\"og:site_name\" content=\"chp\" \/>\n<meta property=\"article:modified_time\" content=\"2023-03-07T08:57:49+00:00\" \/>\n<meta property=\"og:image\" content=\"https:\/\/chp.com.vn\/wp-content\/uploads\/2023\/03\/Picture6-1.png\" \/>\n\t<meta property=\"og:image:width\" content=\"1566\" \/>\n\t<meta property=\"og:image:height\" content=\"1130\" \/>\n\t<meta property=\"og:image:type\" content=\"image\/png\" \/>\n<meta name=\"twitter:card\" content=\"summary_large_image\" \/>\n<script type=\"application\/ld+json\" class=\"yoast-schema-graph\">{\"@context\":\"https:\/\/schema.org\",\"@graph\":[{\"@type\":\"WebPage\",\"@id\":\"https:\/\/chp.com.vn\/product\/coil-chong-an-mon-la-dong-vo-inox-304\/\",\"url\":\"https:\/\/chp.com.vn\/product\/coil-chong-an-mon-la-dong-vo-inox-304\/\",\"name\":\"Coil Ch\u1ed1ng \u0102n M\u00f2n L\u00e1 \u0110\u1ed3ng V\u1ecf Inox 304 - chp\",\"isPartOf\":{\"@id\":\"https:\/\/chp.com.vn\/#website\"},\"primaryImageOfPage\":{\"@id\":\"https:\/\/chp.com.vn\/product\/coil-chong-an-mon-la-dong-vo-inox-304\/#primaryimage\"},\"image\":{\"@id\":\"https:\/\/chp.com.vn\/product\/coil-chong-an-mon-la-dong-vo-inox-304\/#primaryimage\"},\"thumbnailUrl\":\"https:\/\/chp.com.vn\/wp-content\/uploads\/2023\/03\/Picture6-1.png\",\"datePublished\":\"2023-03-07T08:57:26+00:00\",\"dateModified\":\"2023-03-07T08:57:49+00:00\",\"breadcrumb\":{\"@id\":\"https:\/\/chp.com.vn\/product\/coil-chong-an-mon-la-dong-vo-inox-304\/#breadcrumb\"},\"inLanguage\":\"en-US\",\"potentialAction\":[{\"@type\":\"ReadAction\",\"target\":[\"https:\/\/chp.com.vn\/product\/coil-chong-an-mon-la-dong-vo-inox-304\/\"]}]},{\"@type\":\"ImageObject\",\"inLanguage\":\"en-US\",\"@id\":\"https:\/\/chp.com.vn\/product\/coil-chong-an-mon-la-dong-vo-inox-304\/#primaryimage\",\"url\":\"https:\/\/chp.com.vn\/wp-content\/uploads\/2023\/03\/Picture6-1.png\",\"contentUrl\":\"https:\/\/chp.com.vn\/wp-content\/uploads\/2023\/03\/Picture6-1.png\",\"width\":1566,\"height\":1130},{\"@type\":\"BreadcrumbList\",\"@id\":\"https:\/\/chp.com.vn\/product\/coil-chong-an-mon-la-dong-vo-inox-304\/#breadcrumb\",\"itemListElement\":[{\"@type\":\"ListItem\",\"position\":1,\"name\":\"Home\",\"item\":\"https:\/\/chp.com.vn\/\"},{\"@type\":\"ListItem\",\"position\":2,\"name\":\"Shop\",\"item\":\"https:\/\/chp.com.vn\/shop\/\"},{\"@type\":\"ListItem\",\"position\":3,\"name\":\"Coil Ch\u1ed1ng \u0102n M\u00f2n L\u00e1 \u0110\u1ed3ng V\u1ecf Inox 304\"}]},{\"@type\":\"WebSite\",\"@id\":\"https:\/\/chp.com.vn\/#website\",\"url\":\"https:\/\/chp.com.vn\/\",\"name\":\"chp\",\"description\":\"Just another WordPress site\",\"potentialAction\":[{\"@type\":\"SearchAction\",\"target\":{\"@type\":\"EntryPoint\",\"urlTemplate\":\"https:\/\/chp.com.vn\/?s={search_term_string}\"},\"query-input\":{\"@type\":\"PropertyValueSpecification\",\"valueRequired\":true,\"valueName\":\"search_term_string\"}}],\"inLanguage\":\"en-US\"}]}<\/script>\n<!-- \/ Yoast SEO plugin. -->","yoast_head_json":{"title":"Coil Ch\u1ed1ng \u0102n M\u00f2n L\u00e1 \u0110\u1ed3ng V\u1ecf Inox 304 - chp","robots":{"index":"index","follow":"follow","max-snippet":"max-snippet:-1","max-image-preview":"max-image-preview:large","max-video-preview":"max-video-preview:-1"},"canonical":"https:\/\/chp.com.vn\/en\/product\/coil-chong-an-mon-la-dong-vo-inox-304\/","og_locale":"en_US","og_type":"article","og_title":"Coil Ch\u1ed1ng \u0102n M\u00f2n L\u00e1 \u0110\u1ed3ng V\u1ecf Inox 304 - chp","og_url":"https:\/\/chp.com.vn\/en\/product\/coil-chong-an-mon-la-dong-vo-inox-304\/","og_site_name":"chp","article_modified_time":"2023-03-07T08:57:49+00:00","og_image":[{"width":1566,"height":1130,"url":"https:\/\/chp.com.vn\/wp-content\/uploads\/2023\/03\/Picture6-1.png","type":"image\/png"}],"twitter_card":"summary_large_image","schema":{"@context":"https:\/\/schema.org","@graph":[{"@type":"WebPage","@id":"https:\/\/chp.com.vn\/product\/coil-chong-an-mon-la-dong-vo-inox-304\/","url":"https:\/\/chp.com.vn\/product\/coil-chong-an-mon-la-dong-vo-inox-304\/","name":"Coil Ch\u1ed1ng \u0102n M\u00f2n L\u00e1 \u0110\u1ed3ng V\u1ecf Inox 304 - chp","isPartOf":{"@id":"https:\/\/chp.com.vn\/#website"},"primaryImageOfPage":{"@id":"https:\/\/chp.com.vn\/product\/coil-chong-an-mon-la-dong-vo-inox-304\/#primaryimage"},"image":{"@id":"https:\/\/chp.com.vn\/product\/coil-chong-an-mon-la-dong-vo-inox-304\/#primaryimage"},"thumbnailUrl":"https:\/\/chp.com.vn\/wp-content\/uploads\/2023\/03\/Picture6-1.png","datePublished":"2023-03-07T08:57:26+00:00","dateModified":"2023-03-07T08:57:49+00:00","breadcrumb":{"@id":"https:\/\/chp.com.vn\/product\/coil-chong-an-mon-la-dong-vo-inox-304\/#breadcrumb"},"inLanguage":"en-US","potentialAction":[{"@type":"ReadAction","target":["https:\/\/chp.com.vn\/product\/coil-chong-an-mon-la-dong-vo-inox-304\/"]}]},{"@type":"ImageObject","inLanguage":"en-US","@id":"https:\/\/chp.com.vn\/product\/coil-chong-an-mon-la-dong-vo-inox-304\/#primaryimage","url":"https:\/\/chp.com.vn\/wp-content\/uploads\/2023\/03\/Picture6-1.png","contentUrl":"https:\/\/chp.com.vn\/wp-content\/uploads\/2023\/03\/Picture6-1.png","width":1566,"height":1130},{"@type":"BreadcrumbList","@id":"https:\/\/chp.com.vn\/product\/coil-chong-an-mon-la-dong-vo-inox-304\/#breadcrumb","itemListElement":[{"@type":"ListItem","position":1,"name":"Home","item":"https:\/\/chp.com.vn\/"},{"@type":"ListItem","position":2,"name":"Shop","item":"https:\/\/chp.com.vn\/shop\/"},{"@type":"ListItem","position":3,"name":"Coil Ch\u1ed1ng \u0102n M\u00f2n L\u00e1 \u0110\u1ed3ng V\u1ecf Inox 304"}]},{"@type":"WebSite","@id":"https:\/\/chp.com.vn\/#website","url":"https:\/\/chp.com.vn\/","name":"chp","description":"Just another WordPress site","potentialAction":[{"@type":"SearchAction","target":{"@type":"EntryPoint","urlTemplate":"https:\/\/chp.com.vn\/?s={search_term_string}"},"query-input":{"@type":"PropertyValueSpecification","valueRequired":true,"valueName":"search_term_string"}}],"inLanguage":"en-US"}]}},"_links":{"self":[{"href":"https:\/\/chp.com.vn\/en\/wp-json\/wp\/v2\/product\/1146","targetHints":{"allow":["GET"]}}],"collection":[{"href":"https:\/\/chp.com.vn\/en\/wp-json\/wp\/v2\/product"}],"about":[{"href":"https:\/\/chp.com.vn\/en\/wp-json\/wp\/v2\/types\/product"}],"replies":[{"embeddable":true,"href":"https:\/\/chp.com.vn\/en\/wp-json\/wp\/v2\/comments?post=1146"}],"wp:featuredmedia":[{"embeddable":true,"href":"https:\/\/chp.com.vn\/en\/wp-json\/wp\/v2\/media\/1147"}],"wp:attachment":[{"href":"https:\/\/chp.com.vn\/en\/wp-json\/wp\/v2\/media?parent=1146"}],"wp:term":[{"taxonomy":"product_brand","embeddable":true,"href":"https:\/\/chp.com.vn\/en\/wp-json\/wp\/v2\/product_brand?post=1146"},{"taxonomy":"product_cat","embeddable":true,"href":"https:\/\/chp.com.vn\/en\/wp-json\/wp\/v2\/product_cat?post=1146"},{"taxonomy":"product_tag","embeddable":true,"href":"https:\/\/chp.com.vn\/en\/wp-json\/wp\/v2\/product_tag?post=1146"}],"curies":[{"name":"wp","href":"https:\/\/api.w.org\/{rel}","templated":true}]}}